{"id":548,"date":"2021-09-08T01:00:00","date_gmt":"2021-09-08T00:00:00","guid":{"rendered":"https:\/\/baerwald.xyz\/?page_id=548"},"modified":"2023-07-06T21:25:38","modified_gmt":"2023-07-06T20:25:38","slug":"548-2","status":"publish","type":"page","link":"https:\/\/baerwald.xyz\/","title":{"rendered":"Startseite"},"content":{"rendered":"<p>[et_pb_section fb_built=&#8220;1&#8243; admin_label=&#8220;Header&#8220; _builder_version=&#8220;4.16&#8243; use_background_color_gradient=&#8220;on&#8220; background_color_gradient_type=&#8220;circular&#8220; background_color_gradient_direction_radial=&#8220;top right&#8220; background_color_gradient_stops=&#8220;#00ffd8 0%|#0029e2 100%&#8220; background_color_gradient_start=&#8220;#00ffd8&#8243; background_color_gradient_end=&#8220;#0029e2&#8243; background_image=&#8220;https:\/\/baerwald.xyz\/wp-content\/uploads\/2021\/09\/cyber-security-18.png&#8220; parallax=&#8220;on&#8220; min_height=&#8220;338.3px&#8220; custom_padding=&#8220;0vw|||||&#8220; global_colors_info=&#8220;{}&#8220;][et_pb_row column_structure=&#8220;2_5,3_5&#8243; _builder_version=&#8220;4.16&#8243; background_color=&#8220;rgba(0,0,0,0)&#8220; width=&#8220;88.4%&#8220; custom_margin=&#8220;|-8px||auto||&#8220; custom_padding=&#8220;||104px|||&#8220; collapsed=&#8220;off&#8220; global_colors_info=&#8220;{}&#8220;][et_pb_column type=&#8220;2_5&#8243; _builder_version=&#8220;4.16&#8243; global_colors_info=&#8220;{}&#8220;][et_pb_text disabled_on=&#8220;on|off|off&#8220; _builder_version=&#8220;4.16&#8243; text_font=&#8220;|800|||||||&#8220; text_text_color=&#8220;#000000&#8243; text_font_size=&#8220;25px&#8220; background_enable_color=&#8220;off&#8220; custom_margin=&#8220;|24px|-25px||false|false&#8220; global_colors_info=&#8220;{}&#8220;]<\/p>\n<blockquote><p><strong>\u00a0<\/strong><\/p>\n<p><strong>&#8222;Wir hacken, damit Hacker Sie nicht hacken!\u00a0<\/strong> <\/br> <\/br><\/p>\n<p><strong> Nat\u00fcrlich gehen wir dabei nach allen Ethischen Grunds\u00e4tzen und innerhalb G\u00fcltiger Gesetze vor, um Ihre Sicherheitsl\u00fccken zu finden und Sie vor Angriffen zu sch\u00fctzen.&#8220;<\/strong><\/p>\n<p>&nbsp;<\/p><\/blockquote>\n<p>[\/et_pb_text][et_pb_text _builder_version=&#8220;4.16&#8243; text_text_color=&#8220;#000000&#8243; custom_margin=&#8220;11px||||false|false&#8220; custom_padding=&#8220;0px|||||&#8220; global_colors_info=&#8220;{}&#8220;]<\/p>\n<h5>\u00a0\u00a0\u00a0\u00a0\u00a0 Stefan B\u00e4rwald<\/h5>\n<p><span style=\"color: #999999;\">\u00a0\u00a0\u00a0\u00a0\u00a0\u00a0 Gesch\u00e4ftsf\u00fchrer<\/span><\/p>\n<p>[\/et_pb_text][\/et_pb_column][et_pb_column type=&#8220;3_5&#8243; _builder_version=&#8220;4.16&#8243; global_colors_info=&#8220;{}&#8220;][et_pb_image src=&#8220;https:\/\/baerwald.xyz\/wp-content\/uploads\/2021\/09\/ohne-hg3.png&#8220; title_text=&#8220;ohne hg3&#8243; _builder_version=&#8220;4.16&#8243; width=&#8220;94%&#8220; width_tablet=&#8220;&#8220; width_phone=&#8220;77%&#8220; width_last_edited=&#8220;on|phone&#8220; module_alignment=&#8220;center&#8220; height=&#8220;339px&#8220; height_tablet=&#8220;&#8220; height_phone=&#8220;211px&#8220; height_last_edited=&#8220;on|phone&#8220; custom_margin=&#8220;|83px|||false|false&#8220; custom_margin_tablet=&#8220;&#8220; custom_margin_phone=&#8220;&#8220; custom_margin_last_edited=&#8220;on|phone&#8220; module_alignment_tablet=&#8220;&#8220; module_alignment_phone=&#8220;&#8220; module_alignment_last_edited=&#8220;on|phone&#8220; global_colors_info=&#8220;{}&#8220;][\/et_pb_image][\/et_pb_column][\/et_pb_row][\/et_pb_section][et_pb_section fb_built=&#8220;1&#8243; _builder_version=&#8220;4.16&#8243; min_height=&#8220;147.7px&#8220; global_colors_info=&#8220;{}&#8220;][\/et_pb_section][et_pb_section fb_built=&#8220;1&#8243; fullwidth=&#8220;on&#8220; admin_label=&#8220;Sektion&#8220; _builder_version=&#8220;4.16&#8243; global_colors_info=&#8220;{}&#8220;][\/et_pb_section][et_pb_section fb_built=&#8220;1&#8243; admin_label=&#8220;Features&#8220; _builder_version=&#8220;4.16&#8243; global_colors_info=&#8220;{}&#8220;][et_pb_row column_structure=&#8220;1_3,1_3,1_3&#8243; _builder_version=&#8220;4.16&#8243; min_height=&#8220;625.5px&#8220; custom_margin=&#8220;-8vw|auto|-50px|auto|false|&#8220; custom_margin_tablet=&#8220;&#8220; custom_margin_phone=&#8220;-60vw||||false|false&#8220; custom_margin_last_edited=&#8220;on|desktop&#8220; global_colors_info=&#8220;{}&#8220;][et_pb_column type=&#8220;1_3&#8243; _builder_version=&#8220;4.16&#8243; global_colors_info=&#8220;{}&#8220;][et_pb_blurb title=&#8220;Vulnerability Asessment&#8220; image=&#8220;https:\/\/baerwald.xyz\/wp-content\/uploads\/2021\/09\/cyber-security-icon-28.png&#8220; _builder_version=&#8220;4.19.4&#8243; header_font=&#8220;Overpass|900|||||||&#8220; header_line_height=&#8220;1.4em&#8220; body_font=&#8220;Overpass|300|||||||&#8220; body_text_color=&#8220;#8c5afb&#8220; body_line_height=&#8220;1.8em&#8220; text_orientation=&#8220;center&#8220; custom_margin=&#8220;0px||||false|false&#8220; custom_margin_tablet=&#8220;&#8220; custom_margin_phone=&#8220;-50px||||false|false&#8220; custom_margin_last_edited=&#8220;on|phone&#8220; hover_enabled=&#8220;0&#8243; global_colors_info=&#8220;{}&#8220; sticky_enabled=&#8220;0&#8243;]<\/p>\n<p>Beim Vulnerability Assessment in der IT-Sicherheit handelt es sich um einen Prozess, bei dem wir potenzielle Schwachstellen und Sicherheitsl\u00fccken in Ihrer IT-Infrastruktur identifizieren. Als Experten auf diesem Gebiet bieten wir Ihnen einen umfassenden Service, um Ihr Unternehmen vor m\u00f6glichen Bedrohungen zu sch\u00fctzen.<\/p>\n<p>Unser Vulnerability Assessment beginnt mit einer gr\u00fcndlichen Analyse Ihrer Systeme, Netzwerke und Anwendungen. Wir suchen nach Sicherheitsl\u00fccken, die von Angreifern ausgenutzt werden k\u00f6nnten, und bewerten das Risiko, das mit diesen Schwachstellen verbunden ist. Basierend auf unseren Ergebnissen entwickeln wir einen Aktionsplan, um die identifizierten Schwachstellen zu beheben und Ihr System sicherer zu machen.<\/p>\n<p>Durch die Durchf\u00fchrung eines Vulnerability Assessments k\u00f6nnen wir proaktiv handeln, bevor Angreifer die Schwachstellen ausnutzen k\u00f6nnen. Kontaktieren Sie uns f\u00fcr ein professionelles Vulnerability Assessment und sch\u00fctzen Sie Ihr Unternehmen vor potenziellen Sicherheitsrisiken.<\/p>\n<p>[\/et_pb_blurb][et_pb_blurb title=&#8220;Consulting&#8220; image=&#8220;https:\/\/baerwald.xyz\/wp-content\/uploads\/2021\/09\/cyber-security-icon-18.png&#8220; _builder_version=&#8220;4.19.4&#8243; header_font=&#8220;Overpass|900|||||||&#8220; header_line_height=&#8220;1.4em&#8220; body_font=&#8220;Overpass|300|||||||&#8220; body_text_color=&#8220;#8c5afb&#8220; body_line_height=&#8220;1.8em&#8220; text_orientation=&#8220;center&#8220; hover_enabled=&#8220;0&#8243; global_colors_info=&#8220;{}&#8220; sticky_enabled=&#8220;0&#8243;]<\/p>\n<p>Beim Consulting im Bereich der IT-Sicherheit bieten wir Ihnen professionelle Unterst\u00fctzung, um Ihr Unternehmen vor digitalen Bedrohungen zu sch\u00fctzen. Als Experten analysieren wir Ihre IT-Systeme und identifizieren potenzielle Schwachstellen. Basierend darauf entwickeln wir individuelle Sicherheitsstrategien und helfen Ihnen bei der Umsetzung wirksamer Ma\u00dfnahmen. Unser Ziel ist es, Ihre Mitarbeiter f\u00fcr Sicherheitsrisiken zu sensibilisieren und ihnen das n\u00f6tige Wissen zu vermitteln. Zudem beraten wir Sie bei der Auswahl und Implementierung geeigneter Sicherheitstechnologien. Im Falle eines Sicherheitsvorfalls stehen wir Ihnen mit Notfallpl\u00e4nen und Handlungsanweisungen zur Seite. Kontaktieren Sie uns, um gemeinsam die Sicherheit Ihrer IT-Infrastruktur zu verbessern.<\/p>\n<p>[\/et_pb_blurb][\/et_pb_column][et_pb_column type=&#8220;1_3&#8243; _builder_version=&#8220;4.16&#8243; transform_scale_tablet=&#8220;&#8220; transform_scale_phone=&#8220;&#8220; transform_scale_last_edited=&#8220;on|desktop&#8220; transform_translate=&#8220;0px|-94px&#8220; transform_translate_tablet=&#8220;0px|0px&#8220; transform_translate_phone=&#8220;&#8220; transform_translate_last_edited=&#8220;on|desktop&#8220; transform_translate_linked=&#8220;off&#8220; transform_rotate_tablet=&#8220;&#8220; transform_rotate_phone=&#8220;&#8220; transform_rotate_last_edited=&#8220;on|desktop&#8220; transform_skew_tablet=&#8220;&#8220; transform_skew_phone=&#8220;&#8220; transform_skew_last_edited=&#8220;on|desktop&#8220; transform_origin_tablet=&#8220;&#8220; transform_origin_phone=&#8220;&#8220; transform_origin_last_edited=&#8220;on|desktop&#8220; transform_styles_last_edited=&#8220;on|desktop&#8220; transform_styles_tablet=&#8220;&#8220; transform_styles_phone=&#8220;&#8220; global_colors_info=&#8220;{}&#8220;][et_pb_blurb title=&#8220;Secure Audit&#8220; image=&#8220;https:\/\/baerwald.xyz\/wp-content\/uploads\/2021\/09\/cyber-security-icon-12.png&#8220; _builder_version=&#8220;4.19.4&#8243; header_font=&#8220;Overpass|900|||||||&#8220; header_line_height=&#8220;1.4em&#8220; body_font=&#8220;Overpass|300|||||||&#8220; body_text_color=&#8220;#8c5afb&#8220; body_line_height=&#8220;1.8em&#8220; text_orientation=&#8220;center&#8220; hover_enabled=&#8220;0&#8243; locked=&#8220;off&#8220; global_colors_info=&#8220;{}&#8220; sticky_enabled=&#8220;0&#8243;]<\/p>\n<p>Secure Audit in der IT-Sicherheit ist ein Prozess, bei dem wir als Experten Ihr Unternehmen und Ihre IT-Systeme auf Sicherheitsl\u00fccken und Schwachstellen \u00fcberpr\u00fcfen. Durch eine umfassende Analyse identifizieren wir potenzielle Risiken und Bedrohungen f\u00fcr Ihre digitalen Ressourcen. Mit unserem Secure Audit stellen wir sicher, dass Ihre IT-Infrastruktur den geltenden Sicherheitsstandards entspricht und Ihre Daten vor unbefugtem Zugriff gesch\u00fctzt sind. Falls Schwachstellen entdeckt werden, geben wir Ihnen konkrete Handlungsempfehlungen, wie Sie diese beheben k\u00f6nnen. Kontaktieren Sie uns f\u00fcr ein Secure Audit, um Ihre IT-Sicherheit zu st\u00e4rken und Ihr Unternehmen vor Cyberangriffen zu sch\u00fctzen.<\/p>\n<p>[\/et_pb_blurb][et_pb_blurb title=&#8220;Patchen&#8220; image=&#8220;https:\/\/baerwald.xyz\/wp-content\/uploads\/2021\/09\/cyber-security-icon-36.png&#8220; _builder_version=&#8220;4.19.4&#8243; header_font=&#8220;Overpass|900|||||||&#8220; header_line_height=&#8220;1.4em&#8220; body_font=&#8220;Overpass|300|||||||&#8220; body_text_color=&#8220;#8c5afb&#8220; body_line_height=&#8220;1.8em&#8220; text_orientation=&#8220;center&#8220; hover_enabled=&#8220;0&#8243; locked=&#8220;off&#8220; global_colors_info=&#8220;{}&#8220; sticky_enabled=&#8220;0&#8243;]<\/p>\n<p>Beim Patchen in der IT-Sicherheit geht es darum, Sicherheitsl\u00fccken in Software, Betriebssystemen und Anwendungen zu schlie\u00dfen, um potenzielle Schwachstellen zu beheben. Als Experten in der IT-Sicherheit bieten wir Ihnen Unterst\u00fctzung beim Patch-Management. Wir analysieren Ihre Systeme, identifizieren fehlende Updates und Patches und sorgen daf\u00fcr, dass diese zeitnah installiert werden. Durch regelm\u00e4\u00dfiges Patchen minimieren Sie das Risiko von Angriffen und Datenverlust. Kontaktieren Sie uns, um Ihre IT-Sicherheit zu verbessern und Ihr Unternehmen vor Bedrohungen zu sch\u00fctzen. Unsere erfahrenen Berater stehen Ihnen zur Seite und sorgen f\u00fcr eine sichere und gesch\u00fctzte IT-Infrastruktur.<\/p>\n<p>[\/et_pb_blurb][\/et_pb_column][et_pb_column type=&#8220;1_3&#8243; _builder_version=&#8220;4.16&#8243; transform_scale_tablet=&#8220;&#8220; transform_scale_phone=&#8220;&#8220; transform_scale_last_edited=&#8220;on|desktop&#8220; transform_translate=&#8220;0px|-188px&#8220; transform_translate_tablet=&#8220;0px|0px&#8220; transform_translate_phone=&#8220;&#8220; transform_translate_last_edited=&#8220;on|desktop&#8220; transform_translate_linked=&#8220;off&#8220; transform_rotate_tablet=&#8220;&#8220; transform_rotate_phone=&#8220;&#8220; transform_rotate_last_edited=&#8220;on|desktop&#8220; transform_skew_tablet=&#8220;&#8220; transform_skew_phone=&#8220;&#8220; transform_skew_last_edited=&#8220;on|desktop&#8220; transform_origin_tablet=&#8220;&#8220; transform_origin_phone=&#8220;&#8220; transform_origin_last_edited=&#8220;on|desktop&#8220; transform_styles_last_edited=&#8220;on|desktop&#8220; transform_styles_tablet=&#8220;&#8220; transform_styles_phone=&#8220;&#8220; global_colors_info=&#8220;{}&#8220;][et_pb_blurb title=&#8220;Penetrationtest&#8220; image=&#8220;https:\/\/baerwald.xyz\/wp-content\/uploads\/2021\/09\/cyber-security-icon-4.png&#8220; _builder_version=&#8220;4.19.4&#8243; header_font=&#8220;Overpass|900|||||||&#8220; header_line_height=&#8220;1.4em&#8220; body_font=&#8220;Overpass|300|||||||&#8220; body_text_color=&#8220;#8c5afb&#8220; body_line_height=&#8220;1.8em&#8220; text_orientation=&#8220;center&#8220; hover_enabled=&#8220;0&#8243; locked=&#8220;off&#8220; global_colors_info=&#8220;{}&#8220; sticky_enabled=&#8220;0&#8243;]<\/p>\n<p>Beim Penetrationstest handelt es sich um eine wichtige Methode in der IT-Sicherheit, bei der wir als Experten die Sicherheitsl\u00fccken in Ihrem IT-System aufdecken. Durch gezielte Angriffe simulieren wir potenzielle Angriffsszenarien, um Schwachstellen und Risiken zu identifizieren, bevor diese von b\u00f6swilligen Angreifern ausgenutzt werden k\u00f6nnen. Dabei nutzen wir spezielle Tools und Techniken, um Sicherheitsl\u00fccken aufzusp\u00fcren und Ihre Systeme zu testen. Durch den Penetrationstest erhalten Sie wertvolle Informationen \u00fcber Ihre Sicherheitslage und k\u00f6nnen gezielte Ma\u00dfnahmen ergreifen, um Ihre Systeme zu st\u00e4rken und Angriffe abzuwehren. Kontaktieren Sie uns, um einen Penetrationstest f\u00fcr Ihr Unternehmen durchzuf\u00fchren und Ihre IT-Sicherheit zu verbessern.<\/p>\n<p>[\/et_pb_blurb][et_pb_blurb title=&#8220;Security Awareness&#8220; image=&#8220;https:\/\/baerwald.xyz\/wp-content\/uploads\/2021\/09\/cyber-security-icon-20.png&#8220; _builder_version=&#8220;4.19.4&#8243; header_font=&#8220;Overpass|900|||||||&#8220; header_line_height=&#8220;1.4em&#8220; body_font=&#8220;Overpass|300|||||||&#8220; body_text_color=&#8220;#8c5afb&#8220; body_line_height=&#8220;1.8em&#8220; text_orientation=&#8220;center&#8220; hover_enabled=&#8220;0&#8243; locked=&#8220;off&#8220; global_colors_info=&#8220;{}&#8220; sticky_enabled=&#8220;0&#8243;]<\/p>\n<p>Security Awareness ist ein wichtiger Bestandteil der IT-Sicherheit. Bei der Security Awareness geht es darum, das Bewusstsein und das Verst\u00e4ndnis der Mitarbeiter f\u00fcr Sicherheitsrisiken und Best Practices im Umgang mit IT-Sicherheit zu f\u00f6rdern. Wir helfen Ihnen dabei, Ihre Mitarbeiter zu schulen und zu sensibilisieren, damit sie potenzielle Bedrohungen erkennen und angemessen darauf reagieren k\u00f6nnen. Durch gezielte Schulungen und informative Materialien st\u00e4rken wir das Sicherheitsbewusstsein in Ihrem Unternehmen. Kontaktieren Sie uns, um Ihre Security Awareness zu verbessern und ein sicherheitsorientiertes Arbeitsumfeld zu schaffen. Ihre IT-Sicherheit ist uns wichtig!<\/p>\n<p>[\/et_pb_blurb][\/et_pb_column][\/et_pb_row][\/et_pb_section][et_pb_section fb_built=&#8220;1&#8243; admin_label=&#8220;Footer&#8220; _builder_version=&#8220;4.16&#8243; use_background_color_gradient=&#8220;on&#8220; background_color_gradient_type=&#8220;circular&#8220; background_color_gradient_direction_radial=&#8220;top right&#8220; background_color_gradient_stops=&#8220;#3122b2 0%|#00ffd8 100%&#8220; background_color_gradient_start=&#8220;#3122b2&#8243; background_color_gradient_end=&#8220;#00ffd8&#8243; background_image=&#8220;https:\/\/baerwald.xyz\/wp-content\/uploads\/2021\/09\/cyber-security-17.png&#8220; z_index=&#8220;10&#8243; min_height=&#8220;120px&#8220; height=&#8220;100px&#8220; overflow-x=&#8220;visible&#8220; overflow-y=&#8220;visible&#8220; custom_margin=&#8220;228px|||||&#8220; custom_padding=&#8220;||10vw|||&#8220; locked=&#8220;off&#8220; global_colors_info=&#8220;{}&#8220;][et_pb_row _builder_version=&#8220;4.16&#8243; global_colors_info=&#8220;{}&#8220;][et_pb_column type=&#8220;4_4&#8243; _builder_version=&#8220;4.16&#8243; global_colors_info=&#8220;{}&#8220;][et_pb_text _builder_version=&#8220;4.16&#8243; text_text_color=&#8220;#8300e9&#8243; header_text_color=&#8220;#8300e9&#8243; header_2_text_align=&#8220;center&#8220; header_2_text_color=&#8220;#8300e9&#8243; header_2_font_size=&#8220;21px&#8220; custom_margin=&#8220;-238px||||false|false&#8220; custom_margin_tablet=&#8220;&#8220; custom_margin_phone=&#8220;-340px||||false|false&#8220; custom_margin_last_edited=&#8220;on|phone&#8220; global_colors_info=&#8220;{}&#8220;]<\/p>\n<h2>Wenn Sie nun wissen m\u00f6chten, wie es um die IT &#8211; Sicherheit Ihres Unternehmens steht, laden sie sich gern unsere Checkliste herunter und vergewissern sie sich oder vereinbaren Sie gern einen Termin mit uns.<\/h2>\n<p>[\/et_pb_text][\/et_pb_column][\/et_pb_row][et_pb_row _builder_version=&#8220;4.16&#8243; global_colors_info=&#8220;{}&#8220;][et_pb_column type=&#8220;4_4&#8243; _builder_version=&#8220;4.16&#8243; global_colors_info=&#8220;{}&#8220;][et_pb_button button_text=&#8220;JETZT CHECKLISTE HOLEN&#8220; module_id=&#8220;secucheck&#8220; _builder_version=&#8220;4.16&#8243; custom_margin=&#8220;-375px|||155px|false|false&#8220; custom_margin_tablet=&#8220;&#8220; custom_margin_phone=&#8220;-250px|||40px|false|false&#8220; custom_margin_last_edited=&#8220;on|desktop&#8220; global_colors_info=&#8220;{}&#8220;][\/et_pb_button][\/et_pb_column][\/et_pb_row][et_pb_row _builder_version=&#8220;4.16&#8243; global_colors_info=&#8220;{}&#8220;][et_pb_column type=&#8220;4_4&#8243; _builder_version=&#8220;4.16&#8243; global_colors_info=&#8220;{}&#8220;][et_pb_button button_text=&#8220;TERMIN VEREINBAREN&#8220; module_id=&#8220;secucontact&#8220; _builder_version=&#8220;4.16&#8243; custom_margin=&#8220;-430px|||600px|false|false&#8220; custom_margin_tablet=&#8220;&#8220; custom_margin_phone=&#8220;-255px|||55px|false|false&#8220; custom_margin_last_edited=&#8220;on|desktop&#8220; global_colors_info=&#8220;{}&#8220;][\/et_pb_button][\/et_pb_column][\/et_pb_row][\/et_pb_section]<\/p>\n<span class=\"et_bloom_bottom_trigger\"><\/span>","protected":false},"excerpt":{"rendered":"<p>\u00a0 &#8222;Wir hacken, damit Hacker Sie nicht hacken!\u00a0 Nat\u00fcrlich gehen wir dabei nach allen Ethischen Grunds\u00e4tzen und innerhalb G\u00fcltiger Gesetze vor, um Ihre Sicherheitsl\u00fccken zu finden und Sie vor Angriffen zu sch\u00fctzen.&#8220; &nbsp;\u00a0\u00a0\u00a0\u00a0\u00a0 Stefan B\u00e4rwald \u00a0\u00a0\u00a0\u00a0\u00a0\u00a0 Gesch\u00e4ftsf\u00fchrerBeim Vulnerability Assessment in der IT-Sicherheit handelt es sich um einen Prozess, bei dem wir potenzielle Schwachstellen und Sicherheitsl\u00fccken [&hellip;]<\/p>\n","protected":false},"author":1,"featured_media":0,"parent":0,"menu_order":0,"comment_status":"closed","ping_status":"closed","template":"","meta":{"_et_pb_use_builder":"on","_et_pb_old_content":"","_et_gb_content_width":"","footnotes":""},"yoast_head":"<!-- This site is optimized with the Yoast SEO plugin v24.5 - https:\/\/yoast.com\/wordpress\/plugins\/seo\/ -->\n<title>Baerwald - it sicherheit, consulting und security awareness vom Fachmann<\/title>\n<meta name=\"description\" content=\"Wir hacken f\u00fcr Ihre IT Sicherheit . Wir f\u00fchren Consuting durch und schulen Mitarbeiter in security awareness, um Sie vor Hacks zu sch\u00fctzen.\" \/>\n<meta name=\"robots\" content=\"index, follow, max-snippet:-1, max-image-preview:large, max-video-preview:-1\" \/>\n<link rel=\"canonical\" href=\"https:\/\/baerwald.xyz\/\" \/>\n<meta property=\"og:locale\" content=\"de_DE\" \/>\n<meta property=\"og:type\" content=\"article\" \/>\n<meta property=\"og:title\" content=\"Baerwald - it sicherheit, consulting und security awareness vom Fachmann\" \/>\n<meta property=\"og:description\" content=\"Wir hacken f\u00fcr Ihre IT Sicherheit . Wir f\u00fchren Consuting durch und schulen Mitarbeiter in security awareness, um Sie vor Hacks zu sch\u00fctzen.\" \/>\n<meta property=\"og:url\" content=\"https:\/\/baerwald.xyz\/\" \/>\n<meta property=\"og:site_name\" content=\"Baerwald IT\" \/>\n<meta property=\"article:publisher\" content=\"https:\/\/www.facebook.com\/Baerwald-it-Security-2322030841348081\/\" \/>\n<meta property=\"article:modified_time\" content=\"2023-07-06T20:25:38+00:00\" \/>\n<meta name=\"twitter:card\" content=\"summary_large_image\" \/>\n<meta name=\"twitter:label1\" content=\"Gesch\u00e4tzte Lesezeit\" \/>\n\t<meta name=\"twitter:data1\" content=\"3\u00a0Minuten\" \/>\n<script type=\"application\/ld+json\" class=\"yoast-schema-graph\">{\"@context\":\"https:\/\/schema.org\",\"@graph\":[{\"@type\":\"WebPage\",\"@id\":\"https:\/\/baerwald.xyz\/\",\"url\":\"https:\/\/baerwald.xyz\/\",\"name\":\"Baerwald - it sicherheit, consulting und security awareness vom Fachmann\",\"isPartOf\":{\"@id\":\"https:\/\/baerwald.xyz\/#website\"},\"datePublished\":\"2021-09-08T00:00:00+00:00\",\"dateModified\":\"2023-07-06T20:25:38+00:00\",\"description\":\"Wir hacken f\u00fcr Ihre IT Sicherheit . Wir f\u00fchren Consuting durch und schulen Mitarbeiter in security awareness, um Sie vor Hacks zu sch\u00fctzen.\",\"breadcrumb\":{\"@id\":\"https:\/\/baerwald.xyz\/#breadcrumb\"},\"inLanguage\":\"de\",\"potentialAction\":[{\"@type\":\"ReadAction\",\"target\":[\"https:\/\/baerwald.xyz\/\"]}]},{\"@type\":\"BreadcrumbList\",\"@id\":\"https:\/\/baerwald.xyz\/#breadcrumb\",\"itemListElement\":[{\"@type\":\"ListItem\",\"position\":1,\"name\":\"Startseite\",\"item\":\"https:\/\/baerwald.xyz\/\"},{\"@type\":\"ListItem\",\"position\":2,\"name\":\"Startseite\"}]},{\"@type\":\"WebSite\",\"@id\":\"https:\/\/baerwald.xyz\/#website\",\"url\":\"https:\/\/baerwald.xyz\/\",\"name\":\"Baerwald IT\",\"description\":\"Wir hacken, f\u00fcr Ihre Sicherheit vor Hackern.\",\"publisher\":{\"@id\":\"https:\/\/baerwald.xyz\/#organization\"},\"potentialAction\":[{\"@type\":\"SearchAction\",\"target\":{\"@type\":\"EntryPoint\",\"urlTemplate\":\"https:\/\/baerwald.xyz\/?s={search_term_string}\"},\"query-input\":{\"@type\":\"PropertyValueSpecification\",\"valueRequired\":true,\"valueName\":\"search_term_string\"}}],\"inLanguage\":\"de\"},{\"@type\":\"Organization\",\"@id\":\"https:\/\/baerwald.xyz\/#organization\",\"name\":\"Baerwald IT Security\",\"url\":\"https:\/\/baerwald.xyz\/\",\"logo\":{\"@type\":\"ImageObject\",\"inLanguage\":\"de\",\"@id\":\"https:\/\/baerwald.xyz\/#\/schema\/logo\/image\/\",\"url\":\"https:\/\/i0.wp.com\/baerwald.xyz\/wp-content\/uploads\/2023\/07\/logo-text.png?fit=560%2C396&ssl=1\",\"contentUrl\":\"https:\/\/i0.wp.com\/baerwald.xyz\/wp-content\/uploads\/2023\/07\/logo-text.png?fit=560%2C396&ssl=1\",\"width\":560,\"height\":396,\"caption\":\"Baerwald IT Security\"},\"image\":{\"@id\":\"https:\/\/baerwald.xyz\/#\/schema\/logo\/image\/\"},\"sameAs\":[\"https:\/\/www.facebook.com\/Baerwald-it-Security-2322030841348081\/\"]}]}<\/script>\n<!-- \/ Yoast SEO plugin. -->","yoast_head_json":{"title":"Baerwald - it sicherheit, consulting und security awareness vom Fachmann","description":"Wir hacken f\u00fcr Ihre IT Sicherheit . Wir f\u00fchren Consuting durch und schulen Mitarbeiter in security awareness, um Sie vor Hacks zu sch\u00fctzen.","robots":{"index":"index","follow":"follow","max-snippet":"max-snippet:-1","max-image-preview":"max-image-preview:large","max-video-preview":"max-video-preview:-1"},"canonical":"https:\/\/baerwald.xyz\/","og_locale":"de_DE","og_type":"article","og_title":"Baerwald - it sicherheit, consulting und security awareness vom Fachmann","og_description":"Wir hacken f\u00fcr Ihre IT Sicherheit . Wir f\u00fchren Consuting durch und schulen Mitarbeiter in security awareness, um Sie vor Hacks zu sch\u00fctzen.","og_url":"https:\/\/baerwald.xyz\/","og_site_name":"Baerwald IT","article_publisher":"https:\/\/www.facebook.com\/Baerwald-it-Security-2322030841348081\/","article_modified_time":"2023-07-06T20:25:38+00:00","twitter_card":"summary_large_image","twitter_misc":{"Gesch\u00e4tzte Lesezeit":"3\u00a0Minuten"},"schema":{"@context":"https:\/\/schema.org","@graph":[{"@type":"WebPage","@id":"https:\/\/baerwald.xyz\/","url":"https:\/\/baerwald.xyz\/","name":"Baerwald - it sicherheit, consulting und security awareness vom Fachmann","isPartOf":{"@id":"https:\/\/baerwald.xyz\/#website"},"datePublished":"2021-09-08T00:00:00+00:00","dateModified":"2023-07-06T20:25:38+00:00","description":"Wir hacken f\u00fcr Ihre IT Sicherheit . Wir f\u00fchren Consuting durch und schulen Mitarbeiter in security awareness, um Sie vor Hacks zu sch\u00fctzen.","breadcrumb":{"@id":"https:\/\/baerwald.xyz\/#breadcrumb"},"inLanguage":"de","potentialAction":[{"@type":"ReadAction","target":["https:\/\/baerwald.xyz\/"]}]},{"@type":"BreadcrumbList","@id":"https:\/\/baerwald.xyz\/#breadcrumb","itemListElement":[{"@type":"ListItem","position":1,"name":"Startseite","item":"https:\/\/baerwald.xyz\/"},{"@type":"ListItem","position":2,"name":"Startseite"}]},{"@type":"WebSite","@id":"https:\/\/baerwald.xyz\/#website","url":"https:\/\/baerwald.xyz\/","name":"Baerwald IT","description":"Wir hacken, f\u00fcr Ihre Sicherheit vor Hackern.","publisher":{"@id":"https:\/\/baerwald.xyz\/#organization"},"potentialAction":[{"@type":"SearchAction","target":{"@type":"EntryPoint","urlTemplate":"https:\/\/baerwald.xyz\/?s={search_term_string}"},"query-input":{"@type":"PropertyValueSpecification","valueRequired":true,"valueName":"search_term_string"}}],"inLanguage":"de"},{"@type":"Organization","@id":"https:\/\/baerwald.xyz\/#organization","name":"Baerwald IT Security","url":"https:\/\/baerwald.xyz\/","logo":{"@type":"ImageObject","inLanguage":"de","@id":"https:\/\/baerwald.xyz\/#\/schema\/logo\/image\/","url":"https:\/\/i0.wp.com\/baerwald.xyz\/wp-content\/uploads\/2023\/07\/logo-text.png?fit=560%2C396&ssl=1","contentUrl":"https:\/\/i0.wp.com\/baerwald.xyz\/wp-content\/uploads\/2023\/07\/logo-text.png?fit=560%2C396&ssl=1","width":560,"height":396,"caption":"Baerwald IT Security"},"image":{"@id":"https:\/\/baerwald.xyz\/#\/schema\/logo\/image\/"},"sameAs":["https:\/\/www.facebook.com\/Baerwald-it-Security-2322030841348081\/"]}]}},"jetpack_sharing_enabled":true,"_links":{"self":[{"href":"https:\/\/baerwald.xyz\/index.php?rest_route=\/wp\/v2\/pages\/548"}],"collection":[{"href":"https:\/\/baerwald.xyz\/index.php?rest_route=\/wp\/v2\/pages"}],"about":[{"href":"https:\/\/baerwald.xyz\/index.php?rest_route=\/wp\/v2\/types\/page"}],"author":[{"embeddable":true,"href":"https:\/\/baerwald.xyz\/index.php?rest_route=\/wp\/v2\/users\/1"}],"replies":[{"embeddable":true,"href":"https:\/\/baerwald.xyz\/index.php?rest_route=%2Fwp%2Fv2%2Fcomments&post=548"}],"version-history":[{"count":27,"href":"https:\/\/baerwald.xyz\/index.php?rest_route=\/wp\/v2\/pages\/548\/revisions"}],"predecessor-version":[{"id":829,"href":"https:\/\/baerwald.xyz\/index.php?rest_route=\/wp\/v2\/pages\/548\/revisions\/829"}],"wp:attachment":[{"href":"https:\/\/baerwald.xyz\/index.php?rest_route=%2Fwp%2Fv2%2Fmedia&parent=548"}],"curies":[{"name":"wp","href":"https:\/\/api.w.org\/{rel}","templated":true}]}}